{"id":294,"date":"2018-04-12T22:53:02","date_gmt":"2018-04-12T20:53:02","guid":{"rendered":"http:\/\/jag-advokati.cz.uvirt68.active24.cz\/?page_id=294"},"modified":"2018-04-25T10:06:33","modified_gmt":"2018-04-25T08:06:33","slug":"unsere-team","status":"publish","type":"page","link":"https:\/\/jag-advokati.cz\/de\/unsere-team\/","title":{"rendered":"Unsere team"},"content":{"rendered":"<ul>\n<li>Mgr. J\u00e1n Gajdo\u0161, LL. M., Rechtsanwalt<\/li>\n<li>Mgr. Alena Gajdo\u0161ov\u00e1, LL.\u00a0 M., Rechtsanw\u00e4ltin<\/li>\n<\/ul>\n","protected":false},"excerpt":{"rendered":"<p>Mgr. J\u00e1n Gajdo\u0161, LL. M., Rechtsanwalt Mgr. Alena Gajdo\u0161ov\u00e1, LL.\u00a0 M., Rechtsanw\u00e4ltin<\/p>\n","protected":false},"author":1,"featured_media":0,"parent":0,"menu_order":8,"comment_status":"closed","ping_status":"closed","template":"","meta":[],"_links":{"self":[{"href":"https:\/\/jag-advokati.cz\/de\/wp-json\/wp\/v2\/pages\/294"}],"collection":[{"href":"https:\/\/jag-advokati.cz\/de\/wp-json\/wp\/v2\/pages"}],"about":[{"href":"https:\/\/jag-advokati.cz\/de\/wp-json\/wp\/v2\/types\/page"}],"author":[{"embeddable":true,"href":"https:\/\/jag-advokati.cz\/de\/wp-json\/wp\/v2\/users\/1"}],"replies":[{"embeddable":true,"href":"https:\/\/jag-advokati.cz\/de\/wp-json\/wp\/v2\/comments?post=294"}],"version-history":[{"count":1,"href":"https:\/\/jag-advokati.cz\/de\/wp-json\/wp\/v2\/pages\/294\/revisions"}],"predecessor-version":[{"id":295,"href":"https:\/\/jag-advokati.cz\/de\/wp-json\/wp\/v2\/pages\/294\/revisions\/295"}],"wp:attachment":[{"href":"https:\/\/jag-advokati.cz\/de\/wp-json\/wp\/v2\/media?parent=294"}],"curies":[{"name":"wp","href":"https:\/\/api.w.org\/{rel}","templated":true}]}}