{"id":296,"date":"2018-04-12T22:50:36","date_gmt":"2018-04-12T20:50:36","guid":{"rendered":"http:\/\/jag-advokati.cz.uvirt68.active24.cz\/?page_id=296"},"modified":"2018-04-25T10:08:17","modified_gmt":"2018-04-25T08:08:17","slug":"mgr-alena-gajdosova","status":"publish","type":"page","link":"https:\/\/jag-advokati.cz\/de\/unsere-team\/mgr-alena-gajdosova\/","title":{"rendered":"Mgr. Alena Gajdo\u0161ov\u00e1, LL.  M."},"content":{"rendered":"<ul>\n<li>Absolventin der Juristischen Fakult\u00e4t bei der Palack\u00fd Universit\u00e4t Olomouc (2006)<\/li>\n<li>Postgraduiertenstudium an der Fakult\u00e4t f\u00fcr Rechtswissenschaft bei der Universit\u00e4t Regensburg: akademischer Titel LL. M (Magister Legum)<\/li>\n<li>Auslandsaufenthalt: Lomonosov-Universit\u00e4t Moskau<\/li>\n<li>Praxis aus einer deutschen Anwaltskanzlei<\/li>\n<li>Als Rechtsanw\u00e4ltin zugelassen seit 2011<\/li>\n<li>Spezialisierung: allgemeine Praxis, insbesondere Zivil-, Handels-, Arbeits- und Familienrecht und Recht rund um Eintreibung von Forderungen.<\/li>\n<li>Sprachkompetenzen: Tschechisch, Englisch und Deutsch \u2013 flie\u00dfend, Franz\u00f6sisch, Russisch, Spanisch \u2013 \u00fcbliche Kommunikation<\/li>\n<\/ul>\n<p><strong>Formalangaben:<\/strong> Mgr. Alena Gajdo\u0161ov\u00e1, Rechtsanw\u00e4ltin, Identifikationsnummer: 736 30 071, mit Sitz in Plask\u00e1 614\/10, Prag 5 &#8211; Mal\u00e1 Strana, Berechtigung zur T\u00e4tigkeit als Rechtsanwalt sein 22.7.2011, Evidenznummer bei der Tschechischen Anwaltskammer: 13869, Umsatzsteuerpflichtig, Datenkasten-ID: vgughb4.<\/p>\n","protected":false},"excerpt":{"rendered":"<p>Absolventin der Juristischen Fakult\u00e4t bei der Palack\u00fd Universit\u00e4t Olomouc (2006) Postgraduiertenstudium an der Fakult\u00e4t f\u00fcr Rechtswissenschaft bei der Universit\u00e4t Regensburg: akademischer Titel LL. M (Magister Legum) Auslandsaufenthalt: Lomonosov-Universit\u00e4t Moskau Praxis aus einer deutschen Anwaltskanzlei Als Rechtsanw\u00e4ltin zugelassen seit 2011 Spezialisierung: allgemeine Praxis, insbesondere Zivil-, Handels-, Arbeits- und Familienrecht und Recht rund um Eintreibung von Forderungen. [&hellip;]<\/p>\n","protected":false},"author":1,"featured_media":0,"parent":294,"menu_order":11,"comment_status":"closed","ping_status":"closed","template":"","meta":[],"_links":{"self":[{"href":"https:\/\/jag-advokati.cz\/de\/wp-json\/wp\/v2\/pages\/296"}],"collection":[{"href":"https:\/\/jag-advokati.cz\/de\/wp-json\/wp\/v2\/pages"}],"about":[{"href":"https:\/\/jag-advokati.cz\/de\/wp-json\/wp\/v2\/types\/page"}],"author":[{"embeddable":true,"href":"https:\/\/jag-advokati.cz\/de\/wp-json\/wp\/v2\/users\/1"}],"replies":[{"embeddable":true,"href":"https:\/\/jag-advokati.cz\/de\/wp-json\/wp\/v2\/comments?post=296"}],"version-history":[{"count":1,"href":"https:\/\/jag-advokati.cz\/de\/wp-json\/wp\/v2\/pages\/296\/revisions"}],"predecessor-version":[{"id":297,"href":"https:\/\/jag-advokati.cz\/de\/wp-json\/wp\/v2\/pages\/296\/revisions\/297"}],"up":[{"embeddable":true,"href":"https:\/\/jag-advokati.cz\/de\/wp-json\/wp\/v2\/pages\/294"}],"wp:attachment":[{"href":"https:\/\/jag-advokati.cz\/de\/wp-json\/wp\/v2\/media?parent=296"}],"curies":[{"name":"wp","href":"https:\/\/api.w.org\/{rel}","templated":true}]}}