{"id":298,"date":"2018-04-12T22:48:24","date_gmt":"2018-04-12T20:48:24","guid":{"rendered":"http:\/\/jag-advokati.cz.uvirt68.active24.cz\/?page_id=298"},"modified":"2018-04-25T10:09:22","modified_gmt":"2018-04-25T08:09:22","slug":"mgr-jan-gajdos","status":"publish","type":"page","link":"https:\/\/jag-advokati.cz\/de\/unsere-team\/mgr-jan-gajdos\/","title":{"rendered":"Mgr. J\u00e1n Gajdo\u0161, LL. M."},"content":{"rendered":"<ul>\n<li>Gr\u00fcndungsmitglied<\/li>\n<li>Absolvent der Juristischen Fakult\u00e4t bei der Palack\u00fd Universit\u00e4t Olomouc (2005)<\/li>\n<li>Postgraduiertenstudium an der Fakult\u00e4t f\u00fcr Rechtswissenschaft bei der Universit\u00e4t Regensburg: : akademischer Titel LL. M (Magister Legum)<\/li>\n<li>Studienaufenthalt: Lomonosov-Universit\u00e4t Moskau<\/li>\n<li>Praxis aus einer deutschen Anwaltskanzlei<\/li>\n<li>Konkursverwalter<\/li>\n<li>Als Rechtsanwalt zugelassen seit 2012<\/li>\n<li>Spezialisierung: Zivil-, Handels- und Strafrecht<\/li>\n<li>Sprachkompetenzen: Tschechisch, Slowakisch, Englisch und Deutsch<\/li>\n<\/ul>\n<p><strong>Formalangaben<\/strong>: Mgr. J\u00e1n Gajdo\u0161, Rechtanwaltskanzlei, Identifikationsnummer: 736 11 786, mit Sitz in Plask\u00e1 614\/10, Prag 5 &#8211; Mal\u00e1 Strana, Berechtigung zur T\u00e4tigkeit als Rechtsanwalt sein 2.1.2012, Evidenznummer bei der Tschechischen Anwaltskammer: 14067, Datenkasten-ID: na3hnit<\/p>\n","protected":false},"excerpt":{"rendered":"<p>Gr\u00fcndungsmitglied Absolvent der Juristischen Fakult\u00e4t bei der Palack\u00fd Universit\u00e4t Olomouc (2005) Postgraduiertenstudium an der Fakult\u00e4t f\u00fcr Rechtswissenschaft bei der Universit\u00e4t Regensburg: : akademischer Titel LL. M (Magister Legum) Studienaufenthalt: Lomonosov-Universit\u00e4t Moskau Praxis aus einer deutschen Anwaltskanzlei Konkursverwalter Als Rechtsanwalt zugelassen seit 2012 Spezialisierung: Zivil-, Handels- und Strafrecht Sprachkompetenzen: Tschechisch, Slowakisch, Englisch und Deutsch Formalangaben: Mgr. [&hellip;]<\/p>\n","protected":false},"author":1,"featured_media":0,"parent":294,"menu_order":16,"comment_status":"closed","ping_status":"closed","template":"","meta":[],"_links":{"self":[{"href":"https:\/\/jag-advokati.cz\/de\/wp-json\/wp\/v2\/pages\/298"}],"collection":[{"href":"https:\/\/jag-advokati.cz\/de\/wp-json\/wp\/v2\/pages"}],"about":[{"href":"https:\/\/jag-advokati.cz\/de\/wp-json\/wp\/v2\/types\/page"}],"author":[{"embeddable":true,"href":"https:\/\/jag-advokati.cz\/de\/wp-json\/wp\/v2\/users\/1"}],"replies":[{"embeddable":true,"href":"https:\/\/jag-advokati.cz\/de\/wp-json\/wp\/v2\/comments?post=298"}],"version-history":[{"count":1,"href":"https:\/\/jag-advokati.cz\/de\/wp-json\/wp\/v2\/pages\/298\/revisions"}],"predecessor-version":[{"id":299,"href":"https:\/\/jag-advokati.cz\/de\/wp-json\/wp\/v2\/pages\/298\/revisions\/299"}],"up":[{"embeddable":true,"href":"https:\/\/jag-advokati.cz\/de\/wp-json\/wp\/v2\/pages\/294"}],"wp:attachment":[{"href":"https:\/\/jag-advokati.cz\/de\/wp-json\/wp\/v2\/media?parent=298"}],"curies":[{"name":"wp","href":"https:\/\/api.w.org\/{rel}","templated":true}]}}