{"id":300,"date":"2018-04-12T22:09:40","date_gmt":"2018-04-12T20:09:40","guid":{"rendered":"http:\/\/jag-advokati.cz.uvirt68.active24.cz\/?page_id=300"},"modified":"2018-04-25T10:14:17","modified_gmt":"2018-04-25T08:14:17","slug":"kanzlei","status":"publish","type":"page","link":"https:\/\/jag-advokati.cz\/de\/kanzlei\/","title":{"rendered":"Kanzlei"},"content":{"rendered":"<h2>Die Anwaltskanzlei JAG advok\u00e1tn\u00ed kancel\u00e1\u0159 s.r.o.<\/h2>\n<ul>\n<li>Umfassende Rechtsdienstleistungen in allen Rechtsbereichen<\/li>\n<li>Effiziente Rechtsberatung mit h\u00f6chster Professionalit\u00e4t<\/li>\n<li>Orientierung auf den Kunden<\/li>\n<li>Professionelle Beziehung mit Kunden auf absoluter Vertrauensbasis in Richtung Kunde \u2013 Rechtsanwalt und umgekehrt<\/li>\n<li>Belange bzw. Anweisungen unserer stehen stets im Vordergrund<\/li>\n<li>Flexibilit\u00e4t, Schnelligkeit, Professionalit\u00e4t<\/li>\n<li>Unser Ziel: absolut zufriedene Kunden<\/li>\n<li>Engagement f\u00fcr unsere Kunden bei langfristiger Zusammenarbeit sowie in Einzelf\u00e4llen<\/li>\n<li>Kommunikation in mehreren Sprachen<\/li>\n<\/ul>\n<p><strong>JAG advok\u00e1tn\u00ed kancel\u00e1\u0159 s.r.o.<\/strong><\/p>\n<p><strong>Identifikationsnummer<\/strong>: 046 82 556<\/p>\n<p>mit Sitz in Plask\u00e1 614\/10, Prag 5 &#8211; Mal\u00e1 Strana, PLZ: 150 00<\/p>\n<p>&nbsp;<\/p>\n<p><strong>Handelsregister<\/strong>: beim Stadtgericht Prag, Abteilung C, Einlage Nr. 252096<\/p>\n<p><strong>Umsatzsteuer-ID<\/strong>: CZ04682556<\/p>\n<p><strong>Konto-Nr.<\/strong>: 115-1694660277\/0100<\/p>\n<p><strong>Datenkasten-ID<\/strong>: acdf6hf<\/p>\n","protected":false},"excerpt":{"rendered":"<p>Die Anwaltskanzlei JAG advok\u00e1tn\u00ed kancel\u00e1\u0159 s.r.o. Umfassende Rechtsdienstleistungen in allen Rechtsbereichen Effiziente Rechtsberatung mit h\u00f6chster Professionalit\u00e4t Orientierung auf den Kunden Professionelle Beziehung mit Kunden auf absoluter Vertrauensbasis in Richtung Kunde \u2013 Rechtsanwalt und umgekehrt Belange bzw. Anweisungen unserer stehen stets im Vordergrund Flexibilit\u00e4t, Schnelligkeit, Professionalit\u00e4t Unser Ziel: absolut zufriedene Kunden Engagement f\u00fcr unsere Kunden bei [&hellip;]<\/p>\n","protected":false},"author":1,"featured_media":0,"parent":0,"menu_order":30,"comment_status":"closed","ping_status":"closed","template":"","meta":[],"_links":{"self":[{"href":"https:\/\/jag-advokati.cz\/de\/wp-json\/wp\/v2\/pages\/300"}],"collection":[{"href":"https:\/\/jag-advokati.cz\/de\/wp-json\/wp\/v2\/pages"}],"about":[{"href":"https:\/\/jag-advokati.cz\/de\/wp-json\/wp\/v2\/types\/page"}],"author":[{"embeddable":true,"href":"https:\/\/jag-advokati.cz\/de\/wp-json\/wp\/v2\/users\/1"}],"replies":[{"embeddable":true,"href":"https:\/\/jag-advokati.cz\/de\/wp-json\/wp\/v2\/comments?post=300"}],"version-history":[{"count":1,"href":"https:\/\/jag-advokati.cz\/de\/wp-json\/wp\/v2\/pages\/300\/revisions"}],"predecessor-version":[{"id":301,"href":"https:\/\/jag-advokati.cz\/de\/wp-json\/wp\/v2\/pages\/300\/revisions\/301"}],"wp:attachment":[{"href":"https:\/\/jag-advokati.cz\/de\/wp-json\/wp\/v2\/media?parent=300"}],"curies":[{"name":"wp","href":"https:\/\/api.w.org\/{rel}","templated":true}]}}