{"id":306,"date":"2018-04-12T22:08:06","date_gmt":"2018-04-12T20:08:06","guid":{"rendered":"http:\/\/jag-advokati.cz.uvirt68.active24.cz\/?page_id=306"},"modified":"2018-04-25T10:19:36","modified_gmt":"2018-04-25T08:19:36","slug":"honorar-des-rechtsanwalts","status":"publish","type":"page","link":"https:\/\/jag-advokati.cz\/de\/kanzlei\/honorar-des-rechtsanwalts\/","title":{"rendered":"Honorar des rechtsanwalts"},"content":{"rendered":"<ul>\n<li>Nach Vereinbarung, je nach Komplexit\u00e4t und Natur der erbrachten Rechtsdienstleistungen: Stundensatz, Monatspauschal, Endbetrag pro Auftrag, usw.<\/li>\n<li>Soweit mit dem Kunden nichts anderes vereinbart wird, so erbringen wir die Rechtsdienstleistungen f\u00fcr die Preise nach der Verordnung der Tschechischen Republik Nr. 177\/1996 Sb., die auch als Geb\u00fchrenordnung f\u00fcr Rechtsanw\u00e4lte bezeichnet wird.<\/li>\n<\/ul>\n<p>Nat\u00fcrlich, neben dem finanziellen Entgelt ist f\u00fcr uns vor alle Ihre Empfehlung weiteren potentiellen Kunden eine begr\u00fc\u00dfte Belohnung unserer Arbeit.<\/p>\n","protected":false},"excerpt":{"rendered":"<p>Nach Vereinbarung, je nach Komplexit\u00e4t und Natur der erbrachten Rechtsdienstleistungen: Stundensatz, Monatspauschal, Endbetrag pro Auftrag, usw. Soweit mit dem Kunden nichts anderes vereinbart wird, so erbringen wir die Rechtsdienstleistungen f\u00fcr die Preise nach der Verordnung der Tschechischen Republik Nr. 177\/1996 Sb., die auch als Geb\u00fchrenordnung f\u00fcr Rechtsanw\u00e4lte bezeichnet wird. Nat\u00fcrlich, neben dem finanziellen Entgelt ist [&hellip;]<\/p>\n","protected":false},"author":1,"featured_media":0,"parent":300,"menu_order":29,"comment_status":"closed","ping_status":"closed","template":"","meta":[],"_links":{"self":[{"href":"https:\/\/jag-advokati.cz\/de\/wp-json\/wp\/v2\/pages\/306"}],"collection":[{"href":"https:\/\/jag-advokati.cz\/de\/wp-json\/wp\/v2\/pages"}],"about":[{"href":"https:\/\/jag-advokati.cz\/de\/wp-json\/wp\/v2\/types\/page"}],"author":[{"embeddable":true,"href":"https:\/\/jag-advokati.cz\/de\/wp-json\/wp\/v2\/users\/1"}],"replies":[{"embeddable":true,"href":"https:\/\/jag-advokati.cz\/de\/wp-json\/wp\/v2\/comments?post=306"}],"version-history":[{"count":1,"href":"https:\/\/jag-advokati.cz\/de\/wp-json\/wp\/v2\/pages\/306\/revisions"}],"predecessor-version":[{"id":307,"href":"https:\/\/jag-advokati.cz\/de\/wp-json\/wp\/v2\/pages\/306\/revisions\/307"}],"up":[{"embeddable":true,"href":"https:\/\/jag-advokati.cz\/de\/wp-json\/wp\/v2\/pages\/300"}],"wp:attachment":[{"href":"https:\/\/jag-advokati.cz\/de\/wp-json\/wp\/v2\/media?parent=306"}],"curies":[{"name":"wp","href":"https:\/\/api.w.org\/{rel}","templated":true}]}}