{"id":247,"date":"2018-04-12T22:53:02","date_gmt":"2018-04-12T20:53:02","guid":{"rendered":"http:\/\/jag-advokati.cz.uvirt68.active24.cz\/?page_id=247"},"modified":"2018-04-20T11:32:03","modified_gmt":"2018-04-20T09:32:03","slug":"team","status":"publish","type":"page","link":"https:\/\/jag-advokati.cz\/en\/team\/","title":{"rendered":"Team"},"content":{"rendered":"<ul>\n<li><a href=\"https:\/\/jag-advokati.cz\/mgr-alena-gajdosova-ll-m-advokatka\/\">Mgr. Alena Gajdo\u0161ov\u00e1, LL. M., attorney-at-law<\/a><\/li>\n<li><a href=\"https:\/\/jag-advokati.cz\/mgr-jan-gajdos\/\">Mgr. J\u00e1n Gajdo\u0161, LL. M., attorney-at-law<\/a><\/li>\n<\/ul>\n","protected":false},"excerpt":{"rendered":"<p>Mgr. Alena Gajdo\u0161ov\u00e1, LL. M., attorney-at-law Mgr. J\u00e1n Gajdo\u0161, LL. M., attorney-at-law<\/p>\n","protected":false},"author":1,"featured_media":0,"parent":0,"menu_order":9,"comment_status":"closed","ping_status":"closed","template":"","meta":[],"_links":{"self":[{"href":"https:\/\/jag-advokati.cz\/en\/wp-json\/wp\/v2\/pages\/247"}],"collection":[{"href":"https:\/\/jag-advokati.cz\/en\/wp-json\/wp\/v2\/pages"}],"about":[{"href":"https:\/\/jag-advokati.cz\/en\/wp-json\/wp\/v2\/types\/page"}],"author":[{"embeddable":true,"href":"https:\/\/jag-advokati.cz\/en\/wp-json\/wp\/v2\/users\/1"}],"replies":[{"embeddable":true,"href":"https:\/\/jag-advokati.cz\/en\/wp-json\/wp\/v2\/comments?post=247"}],"version-history":[{"count":2,"href":"https:\/\/jag-advokati.cz\/en\/wp-json\/wp\/v2\/pages\/247\/revisions"}],"predecessor-version":[{"id":249,"href":"https:\/\/jag-advokati.cz\/en\/wp-json\/wp\/v2\/pages\/247\/revisions\/249"}],"wp:attachment":[{"href":"https:\/\/jag-advokati.cz\/en\/wp-json\/wp\/v2\/media?parent=247"}],"curies":[{"name":"wp","href":"https:\/\/api.w.org\/{rel}","templated":true}]}}