{"id":253,"date":"2018-04-12T22:48:24","date_gmt":"2018-04-12T20:48:24","guid":{"rendered":"http:\/\/jag-advokati.cz.uvirt68.active24.cz\/?page_id=253"},"modified":"2018-04-20T11:35:45","modified_gmt":"2018-04-20T09:35:45","slug":"mgr-jan-gajdos-ll-m","status":"publish","type":"page","link":"https:\/\/jag-advokati.cz\/en\/team\/mgr-jan-gajdos-ll-m\/","title":{"rendered":"Mgr. J\u00e1n Gajdo\u0161, LL. M."},"content":{"rendered":"<p><strong>J\u00e1n Gajdo\u0161<\/strong> is the founding member of the law firm. In 2005, he graduated from the Faculty of Law of Palack\u00fd University in Olomouc. He started his legal practice while he was still studying at the university. After finishing his studies, he briefly provided legal services as a private entrepreneur; he took a Trustee in Bankruptcy course and successfully passed the examination. He has been practicing law on a full-time basis ever since, starting as a trainee attorney. Between 2007 and 2009, he successfully completed postgraduate studies at the Faculty of Law of Universit\u00e4t Regensburg in Bavaria, after which he briefly worked in a German law firm and obtained the LL.M. academic degree (Magister Legum). In 2008, he completed a legal internship at Lomonos University in Moscow.<\/p>\n<ul>\n<li>He has been working independently as an attorney since January 2012; since January 2016, he has been practicing law as a partner in the law office JAG advok\u00e1tn\u00ed kancel\u00e1\u0159 s.r.o.<\/li>\n<li>J\u00e1n Gajdo\u0161, attorney-at-law, specializes in civil, commercial and criminal law.<\/li>\n<li>J\u00e1n Gajdo\u0161, attorney-at-law, speaks fluent Czech, Slovak, English and German.<\/li>\n<\/ul>\n<p><strong>Formal data:<\/strong> J\u00e1n Gajdo\u0161, law firm, Registration No. (I\u010c): 736 11 786, Registered Office: Plask\u00e1 614\/10, CZ 150 00 Prague 5 &#8211; Mal\u00e1 Strana, date of issue of licence to practice law: 2 January 2012, Czech Bar Association Registration No.: 14067, Data Box ID: na3hnit.<\/p>\n","protected":false},"excerpt":{"rendered":"<p>J\u00e1n Gajdo\u0161 is the founding member of the law firm. In 2005, he graduated from the Faculty of Law of Palack\u00fd University in Olomouc. He started his legal practice while he was still studying at the university. After finishing his studies, he briefly provided legal services as a private entrepreneur; he took a Trustee in [&hellip;]<\/p>\n","protected":false},"author":1,"featured_media":0,"parent":247,"menu_order":17,"comment_status":"closed","ping_status":"closed","template":"","meta":[],"_links":{"self":[{"href":"https:\/\/jag-advokati.cz\/en\/wp-json\/wp\/v2\/pages\/253"}],"collection":[{"href":"https:\/\/jag-advokati.cz\/en\/wp-json\/wp\/v2\/pages"}],"about":[{"href":"https:\/\/jag-advokati.cz\/en\/wp-json\/wp\/v2\/types\/page"}],"author":[{"embeddable":true,"href":"https:\/\/jag-advokati.cz\/en\/wp-json\/wp\/v2\/users\/1"}],"replies":[{"embeddable":true,"href":"https:\/\/jag-advokati.cz\/en\/wp-json\/wp\/v2\/comments?post=253"}],"version-history":[{"count":1,"href":"https:\/\/jag-advokati.cz\/en\/wp-json\/wp\/v2\/pages\/253\/revisions"}],"predecessor-version":[{"id":254,"href":"https:\/\/jag-advokati.cz\/en\/wp-json\/wp\/v2\/pages\/253\/revisions\/254"}],"up":[{"embeddable":true,"href":"https:\/\/jag-advokati.cz\/en\/wp-json\/wp\/v2\/pages\/247"}],"wp:attachment":[{"href":"https:\/\/jag-advokati.cz\/en\/wp-json\/wp\/v2\/media?parent=253"}],"curies":[{"name":"wp","href":"https:\/\/api.w.org\/{rel}","templated":true}]}}